{"id":9,"date":"2026-05-08T16:48:54","date_gmt":"2026-05-08T16:48:54","guid":{"rendered":"https:\/\/firebrick-cormorant-168650.hostingersite.com\/inicio\/"},"modified":"2026-05-12T18:41:12","modified_gmt":"2026-05-12T23:41:12","slug":"inicio","status":"publish","type":"page","link":"https:\/\/latam.bernabedigital.com\/en\/","title":{"rendered":"Home"},"content":{"rendered":"<div data-elementor-type=\"wp-page\" data-elementor-id=\"9\" class=\"elementor elementor-9\">\n\t\t\t\t<div data-aos=\"fade-up\" class=\"hostinger-elementor-aos elementor-element elementor-element-e739538 hostinger-ai-background-image e-flex e-con-boxed e-con e-parent\" data-id=\"e739538\" data-element_type=\"container\" data-e-type=\"container\" data-settings=\"{&quot;background_background&quot;:&quot;gradient&quot;}\">\n\t\t\t\t\t<div class=\"e-con-inner\">\n\t\t\t\t<div class=\"elementor-element elementor-element-8d628e3 hostinger-ai-title elementor-widget__width-initial elementor-widget elementor-widget-heading\" data-id=\"8d628e3\" data-element_type=\"widget\" data-e-type=\"widget\" data-widget_type=\"heading.default\">\n\t\t\t\t\t<h1 class=\"elementor-heading-title elementor-size-default\">Private Tours in Ecuador and Mexico<\/h1>\t\t\t\t<\/div>\n\t\t\t\t<div class=\"elementor-element elementor-element-3d657e8 hostinger-ai-description elementor-widget__width-initial elementor-widget elementor-widget-text-editor\" data-id=\"3d657e8\" data-element_type=\"widget\" data-e-type=\"widget\" data-widget_type=\"text-editor.default\">\n\t\t\t\t\t\t\t\t\t<p>We organize trips, transfers, and personalized experiences to help you discover Latin America with comfort, safety, and personal assistance.<\/p>\t\t\t\t\t\t\t\t<\/div>\n\t\t\t\t<div class=\"elementor-element elementor-element-e9289c6 elementor-widget elementor-widget-heading\" data-id=\"e9289c6\" data-element_type=\"widget\" data-e-type=\"widget\" data-widget_type=\"heading.default\">\n\t\t\t\t\t<h2 class=\"elementor-heading-title elementor-size-default\">Private tours in Ecuador and Mexico, personalized routes, and safe transfers<\/h2>\t\t\t\t<\/div>\n\t\t\t\t\t    \t            <a href=\"https:\/\/wa.me\/593962571707?text=Hola%2C%20quiero%20informaci%C3%B3n%20sobre%20tours%20en%20Ecuador%20y%20M%C3%A9xico\" target=\"_blank\" class=\"e-db4284d-f15ae34 e-button-base\" data-interaction-id=\"db4284d\" rel=\"noopener\">\n            Contact us on WhatsApp\n        <\/a>\n    \t\t\t\t\t    \t            <a\n            href=\"\/en\/tours-privados\/\" target=\"_self\"\n            class=\"e-ebb1ff6-d6d6ac1 e-button-base\"\n            data-interaction-id=\"ebb1ff6\"\n             \n        >\n            View Private Tours\n        <\/a>\n    \t\t<div data-aos=\"fade-up\" class=\"hostinger-elementor-aos elementor-element elementor-element-42be978 e-grid e-con-full e-con e-child\" data-id=\"42be978\" data-element_type=\"container\" data-e-type=\"container\">\n\t\t<div data-aos=\"fade-up\" class=\"hostinger-elementor-aos elementor-element elementor-element-b89aa29 e-con-full e-flex e-con e-child\" data-id=\"b89aa29\" data-element_type=\"container\" data-e-type=\"container\" data-settings=\"{&quot;background_background&quot;:&quot;classic&quot;}\">\n\t\t\t\t<div class=\"elementor-element elementor-element-3279573 hostinger-ai-service-image elementor-widget elementor-widget-image\" data-id=\"3279573\" data-element_type=\"widget\" data-e-type=\"widget\" data-widget_type=\"image.default\">\n\t\t\t\t\t\t\t\t\t\t\t\t\t\t\t<img fetchpriority=\"high\" decoding=\"async\" width=\"1024\" height=\"1024\" src=\"https:\/\/latam.bernabedigital.com\/wp-content\/uploads\/2026\/05\/ChatGPT-Image-12-\u043c\u0430\u044f-2026-\u0433.-18_15_44-1-1024x1024.png\" class=\"attachment-large size-large wp-image-760\" alt=\"\" srcset=\"https:\/\/latam.bernabedigital.com\/wp-content\/uploads\/2026\/05\/ChatGPT-Image-12-\u043c\u0430\u044f-2026-\u0433.-18_15_44-1-1024x1024.png 1024w, https:\/\/latam.bernabedigital.com\/wp-content\/uploads\/2026\/05\/ChatGPT-Image-12-\u043c\u0430\u044f-2026-\u0433.-18_15_44-1-300x300.png 300w, https:\/\/latam.bernabedigital.com\/wp-content\/uploads\/2026\/05\/ChatGPT-Image-12-\u043c\u0430\u044f-2026-\u0433.-18_15_44-1-150x150.png 150w, https:\/\/latam.bernabedigital.com\/wp-content\/uploads\/2026\/05\/ChatGPT-Image-12-\u043c\u0430\u044f-2026-\u0433.-18_15_44-1-768x768.png 768w, https:\/\/latam.bernabedigital.com\/wp-content\/uploads\/2026\/05\/ChatGPT-Image-12-\u043c\u0430\u044f-2026-\u0433.-18_15_44-1-12x12.png 12w, https:\/\/latam.bernabedigital.com\/wp-content\/uploads\/2026\/05\/ChatGPT-Image-12-\u043c\u0430\u044f-2026-\u0433.-18_15_44-1.png 1254w\" sizes=\"(max-width: 1024px) 100vw, 1024px\" \/>\t\t\t\t\t\t\t\t\t\t\t\t\t\t\t<\/div>\n\t\t\t\t<div class=\"elementor-element elementor-element-6de7e2a hostinger-ai-service-description hostinger-index-0 elementor-widget elementor-widget-text-editor\" data-id=\"6de7e2a\" data-element_type=\"widget\" data-e-type=\"widget\" data-widget_type=\"text-editor.default\">\n\t\t\t\t\t\t\t\t\tPersonalized Tourist Assistance\t\t\t\t\t\t\t\t<\/div>\n\t\t\t\t<\/div>\n\t\t<div data-aos=\"fade-up\" class=\"hostinger-elementor-aos elementor-element elementor-element-58ff29e e-con-full e-flex e-con e-child\" data-id=\"58ff29e\" data-element_type=\"container\" data-e-type=\"container\" data-settings=\"{&quot;background_background&quot;:&quot;classic&quot;}\">\n\t\t\t\t<div class=\"elementor-element elementor-element-7c8fe67 hostinger-ai-service-image hostinger-index-1 elementor-widget elementor-widget-image\" data-id=\"7c8fe67\" data-element_type=\"widget\" data-e-type=\"widget\" data-widget_type=\"image.default\">\n\t\t\t\t\t\t\t\t\t\t\t\t\t\t\t<img decoding=\"async\" width=\"1024\" height=\"1024\" src=\"https:\/\/latam.bernabedigital.com\/wp-content\/uploads\/2026\/05\/ChatGPT-Image-12-\u043c\u0430\u044f-2026-\u0433.-18_19_28-2-1024x1024.png\" class=\"attachment-large size-large wp-image-759\" alt=\"\" srcset=\"https:\/\/latam.bernabedigital.com\/wp-content\/uploads\/2026\/05\/ChatGPT-Image-12-\u043c\u0430\u044f-2026-\u0433.-18_19_28-2-1024x1024.png 1024w, https:\/\/latam.bernabedigital.com\/wp-content\/uploads\/2026\/05\/ChatGPT-Image-12-\u043c\u0430\u044f-2026-\u0433.-18_19_28-2-300x300.png 300w, https:\/\/latam.bernabedigital.com\/wp-content\/uploads\/2026\/05\/ChatGPT-Image-12-\u043c\u0430\u044f-2026-\u0433.-18_19_28-2-150x150.png 150w, https:\/\/latam.bernabedigital.com\/wp-content\/uploads\/2026\/05\/ChatGPT-Image-12-\u043c\u0430\u044f-2026-\u0433.-18_19_28-2-768x768.png 768w, https:\/\/latam.bernabedigital.com\/wp-content\/uploads\/2026\/05\/ChatGPT-Image-12-\u043c\u0430\u044f-2026-\u0433.-18_19_28-2-12x12.png 12w, https:\/\/latam.bernabedigital.com\/wp-content\/uploads\/2026\/05\/ChatGPT-Image-12-\u043c\u0430\u044f-2026-\u0433.-18_19_28-2.png 1254w\" sizes=\"(max-width: 1024px) 100vw, 1024px\" \/>\t\t\t\t\t\t\t\t\t\t\t\t\t\t\t<\/div>\n\t\t\t\t<div class=\"elementor-element elementor-element-f245717 hostinger-ai-service-description hostinger-index-1 elementor-widget elementor-widget-text-editor\" data-id=\"f245717\" data-element_type=\"widget\" data-e-type=\"widget\" data-widget_type=\"text-editor.default\">\n\t\t\t\t\t\t\t\t\tSafe and Punctual Transfers\t\t\t\t\t\t\t\t<\/div>\n\t\t\t\t<\/div>\n\t\t<div data-aos=\"fade-up\" class=\"hostinger-elementor-aos elementor-element elementor-element-1970d83 e-con-full e-flex e-con e-child\" data-id=\"1970d83\" data-element_type=\"container\" data-e-type=\"container\" data-settings=\"{&quot;background_background&quot;:&quot;classic&quot;}\">\n\t\t\t\t<div class=\"elementor-element elementor-element-4f61461 hostinger-ai-service-image hostinger-index-1 elementor-widget elementor-widget-image\" data-id=\"4f61461\" data-element_type=\"widget\" data-e-type=\"widget\" data-widget_type=\"image.default\">\n\t\t\t\t\t\t\t\t\t\t\t\t\t\t\t<img decoding=\"async\" width=\"1024\" height=\"1024\" src=\"https:\/\/latam.bernabedigital.com\/wp-content\/uploads\/2026\/05\/ChatGPT-Image-12-\u043c\u0430\u044f-2026-\u0433.-18_21_28-1024x1024.png\" class=\"attachment-large size-large wp-image-758\" alt=\"\" srcset=\"https:\/\/latam.bernabedigital.com\/wp-content\/uploads\/2026\/05\/ChatGPT-Image-12-\u043c\u0430\u044f-2026-\u0433.-18_21_28-1024x1024.png 1024w, https:\/\/latam.bernabedigital.com\/wp-content\/uploads\/2026\/05\/ChatGPT-Image-12-\u043c\u0430\u044f-2026-\u0433.-18_21_28-300x300.png 300w, https:\/\/latam.bernabedigital.com\/wp-content\/uploads\/2026\/05\/ChatGPT-Image-12-\u043c\u0430\u044f-2026-\u0433.-18_21_28-150x150.png 150w, https:\/\/latam.bernabedigital.com\/wp-content\/uploads\/2026\/05\/ChatGPT-Image-12-\u043c\u0430\u044f-2026-\u0433.-18_21_28-768x768.png 768w, https:\/\/latam.bernabedigital.com\/wp-content\/uploads\/2026\/05\/ChatGPT-Image-12-\u043c\u0430\u044f-2026-\u0433.-18_21_28-12x12.png 12w, https:\/\/latam.bernabedigital.com\/wp-content\/uploads\/2026\/05\/ChatGPT-Image-12-\u043c\u0430\u044f-2026-\u0433.-18_21_28.png 1254w\" sizes=\"(max-width: 1024px) 100vw, 1024px\" \/>\t\t\t\t\t\t\t\t\t\t\t\t\t\t\t<\/div>\n\t\t\t\t<div class=\"elementor-element elementor-element-b5f221e hostinger-ai-service-description hostinger-index-2 elementor-widget elementor-widget-text-editor\" data-id=\"b5f221e\" data-element_type=\"widget\" data-e-type=\"widget\" data-widget_type=\"text-editor.default\">\n\t\t\t\t\t\t\t\t\t<p>Complete Travel Planning<\/p>\t\t\t\t\t\t\t\t<\/div>\n\t\t\t\t<\/div>\n\t\t\t\t<\/div>\n\t\t\t\t\t<\/div>\n\t\t\t\t<\/div>\n\t\t<div data-aos=\"fade-up\" class=\"hostinger-elementor-aos elementor-element elementor-element-aa3a572 e-flex e-con-boxed e-con e-parent\" data-id=\"aa3a572\" data-element_type=\"container\" data-e-type=\"container\">\n\t\t\t\t\t<div class=\"e-con-inner\">\n\t\t<div data-aos=\"fade-up\" class=\"hostinger-elementor-aos elementor-element elementor-element-61845c9 e-con-full e-flex e-con e-child\" data-id=\"61845c9\" data-element_type=\"container\" data-e-type=\"container\">\n\t\t\t\t<div class=\"elementor-element elementor-element-005232d hostinger-ai-title elementor-widget elementor-widget-heading\" data-id=\"005232d\" data-element_type=\"widget\" data-e-type=\"widget\" data-widget_type=\"heading.default\">\n\t\t\t\t\t<h2 class=\"elementor-heading-title elementor-size-default\">Featured Destinations<\/h2>\t\t\t\t<\/div>\n\t\t<div data-aos=\"fade-up\" class=\"hostinger-elementor-aos elementor-element elementor-element-eb9c8f5 e-grid e-con-full e-con e-child\" data-id=\"eb9c8f5\" data-element_type=\"container\" data-e-type=\"container\">\n\t\t<div data-aos=\"fade-up\" class=\"hostinger-elementor-aos elementor-element elementor-element-9bc160c e-con-full e-flex e-con e-child\" data-id=\"9bc160c\" data-element_type=\"container\" data-e-type=\"container\">\n\t\t\t\t<div class=\"elementor-element elementor-element-84913fd hostinger-ai-service-image elementor-widget elementor-widget-image\" data-id=\"84913fd\" data-element_type=\"widget\" data-e-type=\"widget\" data-widget_type=\"image.default\">\n\t\t\t\t\t\t\t\t\t\t\t\t\t\t\t<img loading=\"lazy\" decoding=\"async\" width=\"1024\" height=\"1024\" src=\"https:\/\/latam.bernabedigital.com\/wp-content\/uploads\/2026\/05\/ChatGPT-Image-10-\u043c\u0430\u044f-2026-\u0433.-12_49_36-1024x1024.png\" class=\"attachment-large size-large wp-image-264\" alt=\"Tours privados en Ecuador y M\u00e9xico con acompa\u00f1amiento tur\u00edstico\" srcset=\"https:\/\/latam.bernabedigital.com\/wp-content\/uploads\/2026\/05\/ChatGPT-Image-10-\u043c\u0430\u044f-2026-\u0433.-12_49_36-1024x1024.png 1024w, https:\/\/latam.bernabedigital.com\/wp-content\/uploads\/2026\/05\/ChatGPT-Image-10-\u043c\u0430\u044f-2026-\u0433.-12_49_36-300x300.png 300w, https:\/\/latam.bernabedigital.com\/wp-content\/uploads\/2026\/05\/ChatGPT-Image-10-\u043c\u0430\u044f-2026-\u0433.-12_49_36-150x150.png 150w, https:\/\/latam.bernabedigital.com\/wp-content\/uploads\/2026\/05\/ChatGPT-Image-10-\u043c\u0430\u044f-2026-\u0433.-12_49_36-768x768.png 768w, https:\/\/latam.bernabedigital.com\/wp-content\/uploads\/2026\/05\/ChatGPT-Image-10-\u043c\u0430\u044f-2026-\u0433.-12_49_36.png 1254w\" sizes=\"(max-width: 1024px) 100vw, 1024px\" \/>\t\t\t\t\t\t\t\t\t\t\t\t\t\t\t<\/div>\n\t\t\t\t<div class=\"elementor-element elementor-element-7bfcbee hostinger-ai-service-description elementor-widget elementor-widget-text-editor\" data-id=\"7bfcbee\" data-element_type=\"widget\" data-e-type=\"widget\" data-widget_type=\"text-editor.default\">\n\t\t\t\t\t\t\t\t\t<p><strong data-start=\"1170\" data-end=\"1181\">Ecuador<\/strong><br data-start=\"1181\" data-end=\"1184\" \/>Quito, the Middle of the World, volcanoes, waterfalls, the Amazon, beaches, and the Gal\u00e1pagos Islands.<\/p>\t\t\t\t\t\t\t\t<\/div>\n\t\t\t\t<\/div>\n\t\t<div data-aos=\"fade-up\" class=\"hostinger-elementor-aos elementor-element elementor-element-8144eb1 e-con-full e-flex e-con e-child\" data-id=\"8144eb1\" data-element_type=\"container\" data-e-type=\"container\">\n\t\t\t\t<div class=\"elementor-element elementor-element-64ba694 hostinger-ai-service-image hostinger-index-1 elementor-widget elementor-widget-image\" data-id=\"64ba694\" data-element_type=\"widget\" data-e-type=\"widget\" data-widget_type=\"image.default\">\n\t\t\t\t\t\t\t\t\t\t\t\t\t\t\t<img loading=\"lazy\" decoding=\"async\" width=\"1024\" height=\"1024\" src=\"https:\/\/latam.bernabedigital.com\/wp-content\/uploads\/2026\/05\/ChatGPT-Image-10-\u043c\u0430\u044f-2026-\u0433.-12_48_09-1024x1024.png\" class=\"attachment-large size-large wp-image-267\" alt=\"\" srcset=\"https:\/\/latam.bernabedigital.com\/wp-content\/uploads\/2026\/05\/ChatGPT-Image-10-\u043c\u0430\u044f-2026-\u0433.-12_48_09-1024x1024.png 1024w, https:\/\/latam.bernabedigital.com\/wp-content\/uploads\/2026\/05\/ChatGPT-Image-10-\u043c\u0430\u044f-2026-\u0433.-12_48_09-300x300.png 300w, https:\/\/latam.bernabedigital.com\/wp-content\/uploads\/2026\/05\/ChatGPT-Image-10-\u043c\u0430\u044f-2026-\u0433.-12_48_09-150x150.png 150w, https:\/\/latam.bernabedigital.com\/wp-content\/uploads\/2026\/05\/ChatGPT-Image-10-\u043c\u0430\u044f-2026-\u0433.-12_48_09-768x768.png 768w, https:\/\/latam.bernabedigital.com\/wp-content\/uploads\/2026\/05\/ChatGPT-Image-10-\u043c\u0430\u044f-2026-\u0433.-12_48_09.png 1254w\" sizes=\"(max-width: 1024px) 100vw, 1024px\" \/>\t\t\t\t\t\t\t\t\t\t\t\t\t\t\t<\/div>\n\t\t\t\t<div class=\"elementor-element elementor-element-8cb3015 hostinger-ai-service-description hostinger-index-1 elementor-widget elementor-widget-text-editor\" data-id=\"8cb3015\" data-element_type=\"widget\" data-e-type=\"widget\" data-widget_type=\"text-editor.default\">\n\t\t\t\t\t\t\t\t\t<p><strong data-start=\"1259\" data-end=\"1269\">Mexico<\/strong><br data-start=\"1269\" data-end=\"1272\" \/>Mexico City, Teotihuac\u00e1n, and nearby experiences with a local guide.<\/p>\t\t\t\t\t\t\t\t<\/div>\n\t\t\t\t<\/div>\n\t\t<div data-aos=\"fade-up\" class=\"hostinger-elementor-aos elementor-element elementor-element-d4bd7ad e-con-full e-flex e-con e-child\" data-id=\"d4bd7ad\" data-element_type=\"container\" data-e-type=\"container\">\n\t\t\t\t<div class=\"elementor-element elementor-element-12d20d8 hostinger-ai-service-image hostinger-index-2 elementor-widget elementor-widget-image\" data-id=\"12d20d8\" data-element_type=\"widget\" data-e-type=\"widget\" data-widget_type=\"image.default\">\n\t\t\t\t\t\t\t\t\t\t\t\t\t\t\t<img loading=\"lazy\" decoding=\"async\" width=\"1024\" height=\"1024\" src=\"https:\/\/latam.bernabedigital.com\/wp-content\/uploads\/2026\/05\/ChatGPT-Image-12-\u043c\u0430\u044f-2026-\u0433.-18_39_33-1024x1024.png\" class=\"attachment-large size-large wp-image-765\" alt=\"\" srcset=\"https:\/\/latam.bernabedigital.com\/wp-content\/uploads\/2026\/05\/ChatGPT-Image-12-\u043c\u0430\u044f-2026-\u0433.-18_39_33-1024x1024.png 1024w, https:\/\/latam.bernabedigital.com\/wp-content\/uploads\/2026\/05\/ChatGPT-Image-12-\u043c\u0430\u044f-2026-\u0433.-18_39_33-300x300.png 300w, https:\/\/latam.bernabedigital.com\/wp-content\/uploads\/2026\/05\/ChatGPT-Image-12-\u043c\u0430\u044f-2026-\u0433.-18_39_33-150x150.png 150w, https:\/\/latam.bernabedigital.com\/wp-content\/uploads\/2026\/05\/ChatGPT-Image-12-\u043c\u0430\u044f-2026-\u0433.-18_39_33-768x768.png 768w, https:\/\/latam.bernabedigital.com\/wp-content\/uploads\/2026\/05\/ChatGPT-Image-12-\u043c\u0430\u044f-2026-\u0433.-18_39_33-12x12.png 12w, https:\/\/latam.bernabedigital.com\/wp-content\/uploads\/2026\/05\/ChatGPT-Image-12-\u043c\u0430\u044f-2026-\u0433.-18_39_33.png 1254w\" sizes=\"(max-width: 1024px) 100vw, 1024px\" \/>\t\t\t\t\t\t\t\t\t\t\t\t\t\t\t<\/div>\n\t\t\t\t<div class=\"elementor-element elementor-element-0d3eec9 hostinger-ai-service-description hostinger-index-1 elementor-widget elementor-widget-text-editor\" data-id=\"0d3eec9\" data-element_type=\"widget\" data-e-type=\"widget\" data-widget_type=\"text-editor.default\">\n\t\t\t\t\t\t\t\t\t<p><strong data-start=\"1343\" data-end=\"1367\">Personalized Tours<\/strong><br data-start=\"1367\" data-end=\"1370\" \/>We create private routes based on your time, interests, and budget.<\/p>\t\t\t\t\t\t\t\t<\/div>\n\t\t\t\t<\/div>\n\t\t\t\t<\/div>\n\t\t\t\t<\/div>\n\t\t\t\t\t<\/div>\n\t\t\t\t<\/div>\n\t\t\t\t<\/div>","protected":false},"excerpt":{"rendered":"<p>Tours privados en Ecuador y M\u00e9xico Organizamos viajes, traslados y experiencias personalizadas para descubrir Latinoam\u00e9rica con comodidad, seguridad y acompa\u00f1amiento. Tours privados en Ecuador y M\u00e9xico, rutas personalizadas y traslados seguros Contactar por WhatsApp Ver Tours privados Acompa\u00f1amiento tur\u00edstico personalizado Traslados seguros y puntuales Organizaci\u00f3n completa de viajes Destinos destacados EcuadorQuito, Mitad del Mundo, volcanes, [&hellip;]<\/p>\n","protected":false},"author":1,"featured_media":0,"parent":0,"menu_order":0,"comment_status":"closed","ping_status":"closed","template":"","meta":{"footnotes":""},"class_list":["post-9","page","type-page","status-publish","hentry"],"_hostinger_reach_plugin_has_subscription_block":false,"_hostinger_reach_plugin_is_elementor":false,"_links":{"self":[{"href":"https:\/\/latam.bernabedigital.com\/en\/wp-json\/wp\/v2\/pages\/9","targetHints":{"allow":["GET"]}}],"collection":[{"href":"https:\/\/latam.bernabedigital.com\/en\/wp-json\/wp\/v2\/pages"}],"about":[{"href":"https:\/\/latam.bernabedigital.com\/en\/wp-json\/wp\/v2\/types\/page"}],"author":[{"embeddable":true,"href":"https:\/\/latam.bernabedigital.com\/en\/wp-json\/wp\/v2\/users\/1"}],"replies":[{"embeddable":true,"href":"https:\/\/latam.bernabedigital.com\/en\/wp-json\/wp\/v2\/comments?post=9"}],"version-history":[{"count":45,"href":"https:\/\/latam.bernabedigital.com\/en\/wp-json\/wp\/v2\/pages\/9\/revisions"}],"predecessor-version":[{"id":768,"href":"https:\/\/latam.bernabedigital.com\/en\/wp-json\/wp\/v2\/pages\/9\/revisions\/768"}],"wp:attachment":[{"href":"https:\/\/latam.bernabedigital.com\/en\/wp-json\/wp\/v2\/media?parent=9"}],"curies":[{"name":"wp","href":"https:\/\/api.w.org\/{rel}","templated":true}]}}